{"id":102,"date":"2017-07-15T11:13:11","date_gmt":"2017-07-15T11:13:11","guid":{"rendered":"http:\/\/der-rue.de\/?page_id=7"},"modified":"2022-07-10T20:06:51","modified_gmt":"2022-07-10T20:06:51","slug":"startseite","status":"publish","type":"page","link":"https:\/\/schrittzurseite.com\/","title":{"rendered":"Startseite"},"content":{"rendered":"<p><img loading=\"lazy\" class=\"size-medium wp-image-9 alignright\" src=\"http:\/\/schrittzurseite.com\/wp-content\/uploads\/2017\/07\/IMG_8764-300x200.jpg\" alt=\"\" width=\"300\" height=\"200\" \/><\/p>\n<p>Herzlich Willkommen!<\/p>\n<p>Auf dieser Seite m\u00f6chte ich einen kurzen \u00dcberblick \u00fcber mein Coachdasein geben.<\/p>\n","protected":false},"excerpt":{"rendered":"<p>Herzlich Willkommen! Auf dieser Seite m\u00f6chte ich einen kurzen \u00dcberblick \u00fcber mein Coachdasein geben.<\/p>\n","protected":false},"author":2,"featured_media":0,"parent":0,"menu_order":0,"comment_status":"closed","ping_status":"closed","template":"","meta":[],"_links":{"self":[{"href":"https:\/\/schrittzurseite.com\/index.php?rest_route=\/wp\/v2\/pages\/102"}],"collection":[{"href":"https:\/\/schrittzurseite.com\/index.php?rest_route=\/wp\/v2\/pages"}],"about":[{"href":"https:\/\/schrittzurseite.com\/index.php?rest_route=\/wp\/v2\/types\/page"}],"author":[{"embeddable":true,"href":"https:\/\/schrittzurseite.com\/index.php?rest_route=\/wp\/v2\/users\/2"}],"replies":[{"embeddable":true,"href":"https:\/\/schrittzurseite.com\/index.php?rest_route=%2Fwp%2Fv2%2Fcomments&post=102"}],"version-history":[{"count":6,"href":"https:\/\/schrittzurseite.com\/index.php?rest_route=\/wp\/v2\/pages\/102\/revisions"}],"predecessor-version":[{"id":185,"href":"https:\/\/schrittzurseite.com\/index.php?rest_route=\/wp\/v2\/pages\/102\/revisions\/185"}],"wp:attachment":[{"href":"https:\/\/schrittzurseite.com\/index.php?rest_route=%2Fwp%2Fv2%2Fmedia&parent=102"}],"curies":[{"name":"wp","href":"https:\/\/api.w.org\/{rel}","templated":true}]}}