{"id":114,"date":"2017-07-15T16:13:22","date_gmt":"2017-07-15T16:13:22","guid":{"rendered":"http:\/\/der-rue.de\/?page_id=113"},"modified":"2025-07-02T13:34:25","modified_gmt":"2025-07-02T13:34:25","slug":"kontakt","status":"publish","type":"page","link":"https:\/\/schrittzurseite.com\/?page_id=114","title":{"rendered":"Kontakt"},"content":{"rendered":"<p style=\"text-align: left;\">R\u00fcdiger R\u00f6hler-Weisheit<br \/>\nStra\u00dfe des Friedens 2<br \/>\n99094 Erfurt<\/p>\n<p style=\"text-align: left;\">phone +49 176 5690 7112<br \/>\nemail coach@schrittzurseite.com<\/p>\n<h4><\/h4>\n","protected":false},"excerpt":{"rendered":"<p>R\u00fcdiger R\u00f6hler-Weisheit Stra\u00dfe des Friedens 2 99094 Erfurt phone +49 176 5690 7112 email coach@schrittzurseite.com<\/p>\n","protected":false},"author":2,"featured_media":0,"parent":0,"menu_order":0,"comment_status":"closed","ping_status":"closed","template":"","meta":[],"_links":{"self":[{"href":"https:\/\/schrittzurseite.com\/index.php?rest_route=\/wp\/v2\/pages\/114"}],"collection":[{"href":"https:\/\/schrittzurseite.com\/index.php?rest_route=\/wp\/v2\/pages"}],"about":[{"href":"https:\/\/schrittzurseite.com\/index.php?rest_route=\/wp\/v2\/types\/page"}],"author":[{"embeddable":true,"href":"https:\/\/schrittzurseite.com\/index.php?rest_route=\/wp\/v2\/users\/2"}],"replies":[{"embeddable":true,"href":"https:\/\/schrittzurseite.com\/index.php?rest_route=%2Fwp%2Fv2%2Fcomments&post=114"}],"version-history":[{"count":6,"href":"https:\/\/schrittzurseite.com\/index.php?rest_route=\/wp\/v2\/pages\/114\/revisions"}],"predecessor-version":[{"id":187,"href":"https:\/\/schrittzurseite.com\/index.php?rest_route=\/wp\/v2\/pages\/114\/revisions\/187"}],"wp:attachment":[{"href":"https:\/\/schrittzurseite.com\/index.php?rest_route=%2Fwp%2Fv2%2Fmedia&parent=114"}],"curies":[{"name":"wp","href":"https:\/\/api.w.org\/{rel}","templated":true}]}}