{"id":20,"date":"2017-07-15T11:35:10","date_gmt":"2017-07-15T11:35:10","guid":{"rendered":"http:\/\/der-rue.de\/?page_id=20"},"modified":"2017-07-15T11:35:10","modified_gmt":"2017-07-15T11:35:10","slug":"rolle-des-coaches","status":"publish","type":"page","link":"https:\/\/schrittzurseite.com\/?page_id=20","title":{"rendered":"Rolle des Coaches"},"content":{"rendered":"<p><a name=\"anfang\"><\/a><\/p>\n<p>Ich verstehe mich weniger als Experten f\u00fcr die Sache (&#8222;niemand kennt die Situation besser als die Klienten selbst&#8220;), sondern vielmehr als Experten f\u00fcr die Ingangsetzung hilfreicher Prozesse.<\/p>\n<ul>\n<li><a href=\"#eins\">Der Coach als Reisebegleiter<\/a><\/li>\n<li><a href=\"#zwei\">Der Coach als Schl\u00fcsselmeister<\/a><\/li>\n<li><a href=\"#drei\">&#8222;Heimwerkerm\u00fctze&#8220;<\/a><\/li>\n<li><a href=\"#vier\">&#8222;Irritation durch Provokation&#8220;<\/a><\/li>\n<\/ul>\n<p><a name=\"eins\"> <\/a><\/p>\n<h3><strong>Der Coach als Reisebegleiter<\/strong><\/h3>\n<p>In der \u00dcbersetzung aus dem Englischen ins Deutsche hei\u00dft \u201eCoach\u201c soviel wie \u201eKutsche\u201c.<\/p>\n<p>Ich bin ein Begleiter auf einer Reise, der Ihnen hilft, Ihr Ziel schneller und leichter zu erreichen.<\/p>\n<p><a href=\"#anfang\">Zur\u00fcck zum Anfang<\/a><\/p>\n<p><a name=\"zwei\"> <\/a><\/p>\n<h3><strong>Der Coach als Schl\u00fcsselmeister<\/strong><\/h3>\n<p><span style=\"color: #333333;\"><span style=\"font-family: Helvetica,sans-serif;\">Stellen Sie sich vor, sie stehen in einem Raum mit ganz vielen T\u00fcren. Gro\u00dfe und kleine, aus Holz und Metall&#8230;. Einige sind weit ge\u00f6ffnet, andere angelehnt und wieder andere verschlossen.<\/span><\/span><\/p>\n<p><span style=\"color: #333333;\"><span style=\"font-family: Helvetica,sans-serif;\">Ich kann Ihnen bei der Entscheidung helfen, durch welche T\u00fcren Sie gehen wollen und ich kann Ihnen helfen, eventuell geschlossene T\u00fcren zu \u00f6ffnen. <\/span><\/span><\/p>\n<p><span style=\"color: #333333;\"><span style=\"font-family: Helvetica,sans-serif;\">Dazu k\u00f6nnen wir uns die Heimwerkerm\u00fctze aufsetzen, das passende Werkzeug aussuchen und ich kann Ihnen zeigen, wie es verwendet wird. <\/span><\/span><\/p>\n<p><a href=\"#anfang\">Zur\u00fcck zum Anfang<\/a><\/p>\n<p><a name=\"drei\"> <\/a><\/p>\n<h3><strong>&#8222;Heimwerkerm\u00fctze&#8220;<\/strong><\/h3>\n<p>Wenn Sie unsicher sind, wie Sie ein Problem am besten angehen, k\u00f6nnen wir uns die \u201eHeimwerkerm\u00fctze\u201c aufsetzen und gemeinsam das f\u00fcr die Probleml\u00f6sung passende Werkzeug <span style=\"color: #333333;\"><span style=\"font-family: Helvetica,sans-serif;\">(Dietrich, Brecheisen o.\u00e4.) <\/span><\/span>aussuchen. Sollten Sie nicht wissen, wie Sie es verwenden, gebe ich Ihnen gern eine Einweisung in den Gebrauch.<span style=\"color: #333333;\"><span style=\"font-family: Helvetica,sans-serif;\"> Das bef\u00e4higt Sie in der Zukunft, Entscheidung zuk\u00fcnftig selber zu treffen und auch andere T\u00fcren zu \u00f6ffnen.<\/span><\/span><\/p>\n<p><a href=\"#anfang\">Zur\u00fcck zum Anfang<\/a><\/p>\n<p><a name=\"vier\"> <\/a><\/p>\n<h3><strong>&#8222;Irritation durch Provokation&#8220;<\/strong><\/h3>\n<p>Im realen Leben h\u00f6rt man h\u00e4ufig den Spruch: \u201eDas haben wir schon immer so gemacht.\u201c oder \u201eDas ist historisch gewachsen.\u201c Vielen Menschen f\u00e4llt es schwer, festgefahrene Situationen und Lebensweisen zu \u00e4ndern. Durch eine \u2013 manchmal provozierende \u2013 Frageweise stelle ich eingefahren Denkmuster in Frage und schaffe so Raum f\u00fcr weitere Gedanken.<\/p>\n<p><a href=\"#anfang\">Zur\u00fcck zum Anfang<\/a><\/p>\n","protected":false},"excerpt":{"rendered":"<p>Ich verstehe mich weniger als Experten f\u00fcr die Sache (&#8222;niemand kennt die Situation besser als die Klienten selbst&#8220;), sondern vielmehr als Experten f\u00fcr die Ingangsetzung hilfreicher Prozesse. Der Coach als Reisebegleiter Der Coach als Schl\u00fcsselmeister &#8222;Heimwerkerm\u00fctze&#8220; &#8222;Irritation durch Provokation&#8220; Der &hellip; <a href=\"https:\/\/schrittzurseite.com\/?page_id=20\">Weiterlesen <span class=\"meta-nav\">&rarr;<\/span><\/a><\/p>\n","protected":false},"author":2,"featured_media":0,"parent":0,"menu_order":0,"comment_status":"closed","ping_status":"closed","template":"","meta":[],"_links":{"self":[{"href":"https:\/\/schrittzurseite.com\/index.php?rest_route=\/wp\/v2\/pages\/20"}],"collection":[{"href":"https:\/\/schrittzurseite.com\/index.php?rest_route=\/wp\/v2\/pages"}],"about":[{"href":"https:\/\/schrittzurseite.com\/index.php?rest_route=\/wp\/v2\/types\/page"}],"author":[{"embeddable":true,"href":"https:\/\/schrittzurseite.com\/index.php?rest_route=\/wp\/v2\/users\/2"}],"replies":[{"embeddable":true,"href":"https:\/\/schrittzurseite.com\/index.php?rest_route=%2Fwp%2Fv2%2Fcomments&post=20"}],"version-history":[{"count":0,"href":"https:\/\/schrittzurseite.com\/index.php?rest_route=\/wp\/v2\/pages\/20\/revisions"}],"wp:attachment":[{"href":"https:\/\/schrittzurseite.com\/index.php?rest_route=%2Fwp%2Fv2%2Fmedia&parent=20"}],"curies":[{"name":"wp","href":"https:\/\/api.w.org\/{rel}","templated":true}]}}