{"id":51,"date":"2017-07-15T13:07:24","date_gmt":"2017-07-15T13:07:24","guid":{"rendered":"http:\/\/der-rue.de\/?page_id=51"},"modified":"2017-07-15T13:07:24","modified_gmt":"2017-07-15T13:07:24","slug":"zur-person","status":"publish","type":"page","link":"https:\/\/schrittzurseite.com\/?page_id=51","title":{"rendered":"Zur Person"},"content":{"rendered":"<p><a name=\"anfang\"><\/a><br \/>\nGeboren wurde ich 1970 in Erfurt, wo ich auch aufwuchs.<br \/>\n<img loading=\"lazy\" class=\"wp-image-97 alignright\" src=\"http:\/\/schrittzurseite.com\/wp-content\/uploads\/2017\/07\/IMG_8636-200x300.jpg\" alt=\"\" width=\"315\" height=\"473\" srcset=\"https:\/\/schrittzurseite.com\/wp-content\/uploads\/2017\/07\/IMG_8636-200x300.jpg 200w, https:\/\/schrittzurseite.com\/wp-content\/uploads\/2017\/07\/IMG_8636-768x1152.jpg 768w, https:\/\/schrittzurseite.com\/wp-content\/uploads\/2017\/07\/IMG_8636-683x1024.jpg 683w, https:\/\/schrittzurseite.com\/wp-content\/uploads\/2017\/07\/IMG_8636.jpg 1667w\" sizes=\"(max-width: 315px) 100vw, 315px\" \/><br \/>\nIch bin gl\u00fccklich verheiratet und habe zwei Kinder (Jahrgang 1994 und 1998).<\/p>\n<p>Nach meiner Ausbildung zum Elektrosignalmechaniker mit Abitur und einem Jahr bei der NVA bzw. Bundeswehr studierte ich Informatik an der TU Dresden mit dem Nebenfach Psychologie. Nach Abschlu\u00df des Studiums nahm ich ein halbes Jahr Elternzeit, was 1996 recht ungew\u00f6hnlich war. 1996 war auch das Jahr, in dem ich begann, bei einem gro\u00dfen IT-Systemhaus zu arbeiten.<br \/>\nDrei Jahre in Frankfurt am Main, in einer Wochenendbeziehung, das war keine leicht Zeit. 1999 ging es dann durch einen gl\u00fccklichen Zufall zur\u00fcck nach Erfurt, ich machte recht schnell Karriere, wurde erst Team-, sp\u00e4ter Abteilungsleiter.<\/p>\n<p>Im Jahr 2011 entschlo\u00df ich mich zu einer eine Ausbildung zum \u201eSystemischen Coach\u201c bei der ISCO AG in Berlin zu absolvieren. Diese Ausbildung ist vom renommierten Deutschen Bundesverband Coaching e.V. (DBVC) anerkannt<\/p>\n<p>Neben meiner langj\u00e4hrigen Erfahrung in der Mitarbeiterentwicklung und -f\u00f6rderung als F\u00fchrungskraft bildet diese Ausbildung das Fundament f\u00fcr meine T\u00e4tigkeit als freiberuflicher Coach.<\/p>\n<p><a href=\"#anfang\">Zur\u00fcck zum Anfang<\/a><\/p>\n","protected":false},"excerpt":{"rendered":"<p>Geboren wurde ich 1970 in Erfurt, wo ich auch aufwuchs. Ich bin gl\u00fccklich verheiratet und habe zwei Kinder (Jahrgang 1994 und 1998). Nach meiner Ausbildung zum Elektrosignalmechaniker mit Abitur und einem Jahr bei der NVA bzw. Bundeswehr studierte ich Informatik &hellip; <a href=\"https:\/\/schrittzurseite.com\/?page_id=51\">Weiterlesen <span class=\"meta-nav\">&rarr;<\/span><\/a><\/p>\n","protected":false},"author":2,"featured_media":0,"parent":0,"menu_order":0,"comment_status":"closed","ping_status":"closed","template":"","meta":[],"_links":{"self":[{"href":"https:\/\/schrittzurseite.com\/index.php?rest_route=\/wp\/v2\/pages\/51"}],"collection":[{"href":"https:\/\/schrittzurseite.com\/index.php?rest_route=\/wp\/v2\/pages"}],"about":[{"href":"https:\/\/schrittzurseite.com\/index.php?rest_route=\/wp\/v2\/types\/page"}],"author":[{"embeddable":true,"href":"https:\/\/schrittzurseite.com\/index.php?rest_route=\/wp\/v2\/users\/2"}],"replies":[{"embeddable":true,"href":"https:\/\/schrittzurseite.com\/index.php?rest_route=%2Fwp%2Fv2%2Fcomments&post=51"}],"version-history":[{"count":0,"href":"https:\/\/schrittzurseite.com\/index.php?rest_route=\/wp\/v2\/pages\/51\/revisions"}],"wp:attachment":[{"href":"https:\/\/schrittzurseite.com\/index.php?rest_route=%2Fwp%2Fv2%2Fmedia&parent=51"}],"curies":[{"name":"wp","href":"https:\/\/api.w.org\/{rel}","templated":true}]}}