{"id":66,"date":"2017-07-15T13:25:28","date_gmt":"2017-07-15T13:25:28","guid":{"rendered":"http:\/\/der-rue.de\/?page_id=66"},"modified":"2017-07-15T13:25:28","modified_gmt":"2017-07-15T13:25:28","slug":"menschliches","status":"publish","type":"page","link":"https:\/\/schrittzurseite.com\/?page_id=66","title":{"rendered":"Menschliches"},"content":{"rendered":"<p>Es gibt immer Dinge die sich nicht in den kleinen Rahmen eines Vertrages pressen lassen. Mein Ziel ist es, den Menschen mit seiner Haltung, seinen Zielen und seinen Einstellungen zu sehen.<\/p>\n<p>Gern unterst\u00fctze ich Sie bei Ihrer individuellen Zielerreichung und stehe f\u00fcr Fragen zur Verf\u00fcgung.<\/p>\n","protected":false},"excerpt":{"rendered":"<p>Es gibt immer Dinge die sich nicht in den kleinen Rahmen eines Vertrages pressen lassen. Mein Ziel ist es, den Menschen mit seiner Haltung, seinen Zielen und seinen Einstellungen zu sehen. Gern unterst\u00fctze ich Sie bei Ihrer individuellen Zielerreichung und &hellip; <a href=\"https:\/\/schrittzurseite.com\/?page_id=66\">Weiterlesen <span class=\"meta-nav\">&rarr;<\/span><\/a><\/p>\n","protected":false},"author":2,"featured_media":0,"parent":0,"menu_order":0,"comment_status":"closed","ping_status":"closed","template":"","meta":[],"_links":{"self":[{"href":"https:\/\/schrittzurseite.com\/index.php?rest_route=\/wp\/v2\/pages\/66"}],"collection":[{"href":"https:\/\/schrittzurseite.com\/index.php?rest_route=\/wp\/v2\/pages"}],"about":[{"href":"https:\/\/schrittzurseite.com\/index.php?rest_route=\/wp\/v2\/types\/page"}],"author":[{"embeddable":true,"href":"https:\/\/schrittzurseite.com\/index.php?rest_route=\/wp\/v2\/users\/2"}],"replies":[{"embeddable":true,"href":"https:\/\/schrittzurseite.com\/index.php?rest_route=%2Fwp%2Fv2%2Fcomments&post=66"}],"version-history":[{"count":0,"href":"https:\/\/schrittzurseite.com\/index.php?rest_route=\/wp\/v2\/pages\/66\/revisions"}],"wp:attachment":[{"href":"https:\/\/schrittzurseite.com\/index.php?rest_route=%2Fwp%2Fv2%2Fmedia&parent=66"}],"curies":[{"name":"wp","href":"https:\/\/api.w.org\/{rel}","templated":true}]}}