{"id":75,"date":"2017-07-15T13:42:35","date_gmt":"2017-07-15T13:42:35","guid":{"rendered":"http:\/\/der-rue.de\/?page_id=75"},"modified":"2017-07-15T13:42:35","modified_gmt":"2017-07-15T13:42:35","slug":"peise","status":"publish","type":"page","link":"https:\/\/schrittzurseite.com\/?page_id=75","title":{"rendered":"Preise"},"content":{"rendered":"<p>Jedes Coaching ist individuell. Der Preis f\u00fcr ein Coaching h\u00e4ngt von der Dauer und Anzahl der Sitzungen sowie dem Aufwande f\u00fcr die Vor- und Nachbereitung ab.<\/p>\n<p>Die telefonische Erstberatung und auch das pers\u00f6nliche Erstgespr\u00e4ch sind in jedem Fall f\u00fcr Sie kostenlos.<\/p>\n<p>F\u00fcr Sch\u00fcler und Studenten gibt es spezielle Sonderkonditionen.<\/p>\n","protected":false},"excerpt":{"rendered":"<p>Jedes Coaching ist individuell. Der Preis f\u00fcr ein Coaching h\u00e4ngt von der Dauer und Anzahl der Sitzungen sowie dem Aufwande f\u00fcr die Vor- und Nachbereitung ab. Die telefonische Erstberatung und auch das pers\u00f6nliche Erstgespr\u00e4ch sind in jedem Fall f\u00fcr Sie &hellip; <a href=\"https:\/\/schrittzurseite.com\/?page_id=75\">Weiterlesen <span class=\"meta-nav\">&rarr;<\/span><\/a><\/p>\n","protected":false},"author":2,"featured_media":0,"parent":0,"menu_order":0,"comment_status":"closed","ping_status":"closed","template":"","meta":[],"_links":{"self":[{"href":"https:\/\/schrittzurseite.com\/index.php?rest_route=\/wp\/v2\/pages\/75"}],"collection":[{"href":"https:\/\/schrittzurseite.com\/index.php?rest_route=\/wp\/v2\/pages"}],"about":[{"href":"https:\/\/schrittzurseite.com\/index.php?rest_route=\/wp\/v2\/types\/page"}],"author":[{"embeddable":true,"href":"https:\/\/schrittzurseite.com\/index.php?rest_route=\/wp\/v2\/users\/2"}],"replies":[{"embeddable":true,"href":"https:\/\/schrittzurseite.com\/index.php?rest_route=%2Fwp%2Fv2%2Fcomments&post=75"}],"version-history":[{"count":0,"href":"https:\/\/schrittzurseite.com\/index.php?rest_route=\/wp\/v2\/pages\/75\/revisions"}],"wp:attachment":[{"href":"https:\/\/schrittzurseite.com\/index.php?rest_route=%2Fwp%2Fv2%2Fmedia&parent=75"}],"curies":[{"name":"wp","href":"https:\/\/api.w.org\/{rel}","templated":true}]}}